{"id":578,"date":"2026-04-05T17:40:38","date_gmt":"2026-04-05T10:40:38","guid":{"rendered":"https:\/\/noface.mom\/?post_type=product&#038;p=578"},"modified":"2026-04-05T23:49:30","modified_gmt":"2026-04-05T16:49:30","slug":"ao-thun-den-chu-ky","status":"publish","type":"product","link":"https:\/\/noface.mom\/index.php\/product\/ao-thun-den-chu-ky\/","title":{"rendered":"\u00c1O  THUN \u0110EN CH\u1eee K\u00dd"},"content":{"rendered":"<p data-start=\"1041\" data-end=\"1105\"><strong data-start=\"1041\" data-end=\"1065\">NOFACE Signature Tee<\/strong><br data-start=\"1065\" data-end=\"1068\" \/>Kh\u00f4ng khu\u00f4n m\u1eb7t \u2013 ch\u1ec9 c\u00f2n l\u1ea1i d\u1ea5u \u1ea5n.<\/p>\n<p data-start=\"1107\" data-end=\"1252\">L\u1ea5y c\u1ea3m h\u1ee9ng t\u1eeb ch\u1eef k\u00fd c\u00e1 nh\u00e2n, m\u1ed7i thi\u1ebft k\u1ebf \u0111\u1ea1i di\u1ec7n cho c\u00e1i t\u00f4i ri\u00eang bi\u1ec7t.<br data-start=\"1184\" data-end=\"1187\" \/>Kh\u00f4ng c\u1ea7n ai nh\u1eadn di\u1ec7n b\u1ea1n \u2013 ch\u00ednh d\u1ea5u \u1ea5n c\u1ee7a b\u1ea1n s\u1ebd l\u00e0m \u0111i\u1ec1u \u0111\u00f3.<\/p>\n<ul data-start=\"1254\" data-end=\"1359\">\n<li data-start=\"1254\" data-end=\"1283\">Thi\u1ebft k\u1ebf ch\u1eef k\u00fd \u0111\u1ed9c quy\u1ec1n<\/li>\n<li data-start=\"1284\" data-end=\"1318\">Phong c\u00e1ch tinh gi\u1ea3n, sang nh\u1eb9<\/li>\n<li data-start=\"1319\" data-end=\"1359\">D\u1ec5 m\u1eb7c h\u1eb1ng ng\u00e0y nh\u01b0ng v\u1eabn kh\u00e1c bi\u1ec7t<\/li>\n<\/ul>\n","protected":false},"excerpt":{"rendered":"<ul data-start=\"1254\" data-end=\"1359\">\n<li data-start=\"1254\" data-end=\"1283\">Thi\u1ebft k\u1ebf ch\u1eef k\u00fd \u0111\u1ed9c quy\u1ec1n<\/li>\n<li data-start=\"1284\" data-end=\"1318\">Phong c\u00e1ch tinh gi\u1ea3n, sang nh\u1eb9<\/li>\n<li data-start=\"1319\" data-end=\"1359\">D\u1ec5 m\u1eb7c h\u1eb1ng ng\u00e0y nh\u01b0ng v\u1eabn kh\u00e1c bi\u1ec7t<\/li>\n<\/ul>\n","protected":false},"featured_media":238,"comment_status":"open","ping_status":"closed","template":"","meta":[],"product_brand":[],"product_cat":[42],"product_tag":[],"class_list":{"0":"post-578","1":"product","2":"type-product","3":"status-publish","4":"has-post-thumbnail","6":"product_cat-san-pham","8":"first","9":"instock","10":"shipping-taxable","11":"purchasable","12":"product-type-variable","13":"has-default-attributes","14":"customify-col"},"jetpack_sharing_enabled":true,"_links":{"self":[{"href":"https:\/\/noface.mom\/index.php\/wp-json\/wp\/v2\/product\/578","targetHints":{"allow":["GET"]}}],"collection":[{"href":"https:\/\/noface.mom\/index.php\/wp-json\/wp\/v2\/product"}],"about":[{"href":"https:\/\/noface.mom\/index.php\/wp-json\/wp\/v2\/types\/product"}],"replies":[{"embeddable":true,"href":"https:\/\/noface.mom\/index.php\/wp-json\/wp\/v2\/comments?post=578"}],"wp:featuredmedia":[{"embeddable":true,"href":"https:\/\/noface.mom\/index.php\/wp-json\/wp\/v2\/media\/238"}],"wp:attachment":[{"href":"https:\/\/noface.mom\/index.php\/wp-json\/wp\/v2\/media?parent=578"}],"wp:term":[{"taxonomy":"product_brand","embeddable":true,"href":"https:\/\/noface.mom\/index.php\/wp-json\/wp\/v2\/product_brand?post=578"},{"taxonomy":"product_cat","embeddable":true,"href":"https:\/\/noface.mom\/index.php\/wp-json\/wp\/v2\/product_cat?post=578"},{"taxonomy":"product_tag","embeddable":true,"href":"https:\/\/noface.mom\/index.php\/wp-json\/wp\/v2\/product_tag?post=578"}],"curies":[{"name":"wp","href":"https:\/\/api.w.org\/{rel}","templated":true}]}}