{"id":577,"date":"2026-04-05T17:39:05","date_gmt":"2026-04-05T10:39:05","guid":{"rendered":"https:\/\/noface.mom\/?post_type=product&#038;p=577"},"modified":"2026-04-05T23:53:21","modified_gmt":"2026-04-05T16:53:21","slug":"ao-thun-qr-code-2","status":"publish","type":"product","link":"https:\/\/noface.mom\/index.php\/product\/ao-thun-qr-code-2\/","title":{"rendered":"\u00c1O THUN \u0110EN QR CODE"},"content":{"rendered":"<p data-start=\"230\" data-end=\"290\"><strong data-start=\"230\" data-end=\"247\">NOFACE QR Tee<\/strong><br data-start=\"247\" data-end=\"250\" \/>Chi\u1ebfc \u00e1o kh\u00f4ng ch\u1ec9 \u0111\u1ec3 m\u1eb7c \u2013 m\u00e0 \u0111\u1ec3 \u201cn\u00f3i\u201d.<\/p>\n<p data-start=\"292\" data-end=\"505\">Thi\u1ebft k\u1ebf t\u1ed1i gi\u1ea3n v\u1edbi m\u00e3 QR \u0111\u1ed9c \u0111\u00e1o, cho ph\u00e9p b\u1ea1n d\u1eabn ng\u01b0\u1eddi kh\u00e1c \u0111\u1ebfn th\u00f4ng \u0111i\u1ec7p ri\u00eang: m\u1ed9t c\u00e2u n\u00f3i, m\u1ed9t b\u1ea3n nh\u1ea1c, hay ch\u00ednh c\u00e2u chuy\u1ec7n c\u1ee7a b\u1ea1n.<br data-start=\"435\" data-end=\"438\" \/>Kh\u00f4ng c\u1ea7n l\u00ean ti\u1ebfng, NOFACE gi\u00fap b\u1ea1n giao ti\u1ebfp theo c\u00e1ch kh\u00e1c bi\u1ec7t.<\/p>\n<ul data-start=\"507\" data-end=\"587\">\n<li data-start=\"507\" data-end=\"528\">Form r\u1ed9ng, unisex<\/li>\n<li data-start=\"529\" data-end=\"560\">Ch\u1ea5t li\u1ec7u cotton tho\u00e1ng m\u00e1t<\/li>\n<li data-start=\"561\" data-end=\"587\">In QR s\u1eafc n\u00e9t, d\u1ec5 qu\u00e9t<\/li>\n<\/ul>\n","protected":false},"excerpt":{"rendered":"<ul data-start=\"507\" data-end=\"587\">\n<li data-start=\"507\" data-end=\"528\">Form r\u1ed9ng, unisex<\/li>\n<li data-start=\"529\" data-end=\"560\">Ch\u1ea5t li\u1ec7u cotton tho\u00e1ng m\u00e1t<\/li>\n<li data-start=\"561\" data-end=\"587\">In QR s\u1eafc n\u00e9t, d\u1ec5 qu\u00e9t<\/li>\n<\/ul>\n","protected":false},"featured_media":230,"comment_status":"open","ping_status":"closed","template":"","meta":[],"product_brand":[],"product_cat":[42],"product_tag":[],"class_list":{"0":"post-577","1":"product","2":"type-product","3":"status-publish","4":"has-post-thumbnail","6":"product_cat-san-pham","8":"first","9":"instock","10":"shipping-taxable","11":"purchasable","12":"product-type-variable","13":"customify-col"},"jetpack_sharing_enabled":true,"_links":{"self":[{"href":"https:\/\/noface.mom\/index.php\/wp-json\/wp\/v2\/product\/577","targetHints":{"allow":["GET"]}}],"collection":[{"href":"https:\/\/noface.mom\/index.php\/wp-json\/wp\/v2\/product"}],"about":[{"href":"https:\/\/noface.mom\/index.php\/wp-json\/wp\/v2\/types\/product"}],"replies":[{"embeddable":true,"href":"https:\/\/noface.mom\/index.php\/wp-json\/wp\/v2\/comments?post=577"}],"wp:featuredmedia":[{"embeddable":true,"href":"https:\/\/noface.mom\/index.php\/wp-json\/wp\/v2\/media\/230"}],"wp:attachment":[{"href":"https:\/\/noface.mom\/index.php\/wp-json\/wp\/v2\/media?parent=577"}],"wp:term":[{"taxonomy":"product_brand","embeddable":true,"href":"https:\/\/noface.mom\/index.php\/wp-json\/wp\/v2\/product_brand?post=577"},{"taxonomy":"product_cat","embeddable":true,"href":"https:\/\/noface.mom\/index.php\/wp-json\/wp\/v2\/product_cat?post=577"},{"taxonomy":"product_tag","embeddable":true,"href":"https:\/\/noface.mom\/index.php\/wp-json\/wp\/v2\/product_tag?post=577"}],"curies":[{"name":"wp","href":"https:\/\/api.w.org\/{rel}","templated":true}]}}