{"id":571,"date":"2026-04-05T17:20:29","date_gmt":"2026-04-05T10:20:29","guid":{"rendered":"https:\/\/noface.mom\/?post_type=product&#038;p=571"},"modified":"2026-04-06T00:02:19","modified_gmt":"2026-04-05T17:02:19","slug":"ao-thun-logo-noface","status":"publish","type":"product","link":"https:\/\/noface.mom\/index.php\/product\/ao-thun-logo-noface\/","title":{"rendered":"\u00c1o THUN TR\u1eaeNG LOGO NOFACE"},"content":{"rendered":"<p data-start=\"645\" data-end=\"712\"><strong data-start=\"645\" data-end=\"669\">NOFACE Statement Tee<\/strong><br data-start=\"669\" data-end=\"672\" \/>\u0110\u01a1n gi\u1ea3n b\u00ean ngo\u00e0i \u2013 n\u1ed5i lo\u1ea1n b\u00ean trong.<\/p>\n<p data-start=\"714\" data-end=\"873\">Nh\u1eefng d\u00f2ng ch\u1eef tr\u00ean \u00e1o kh\u00f4ng ch\u1ec9 l\u00e0 thi\u1ebft k\u1ebf, m\u00e0 l\u00e0 suy ngh\u0129 b\u1ea1n ch\u1ecdn \u0111\u1ec3 th\u1ec3 hi\u1ec7n.<br data-start=\"796\" data-end=\"799\" \/>Kh\u00f4ng c\u1ea7n h\u00ecnh \u1ea3nh c\u1ea7u k\u1ef3, ch\u1ec9 m\u1ed9t c\u00e2u n\u00f3i \u0111\u00fang c\u0169ng \u0111\u1ee7 khi\u1ebfn b\u1ea1n n\u1ed5i b\u1eadt.<\/p>\n<ul data-start=\"875\" data-end=\"971\">\n<li data-start=\"875\" data-end=\"907\">Thi\u1ebft k\u1ebf typography t\u1ed1i gi\u1ea3n<\/li>\n<li data-start=\"908\" data-end=\"937\">Ph\u1ed1i m\u00e0u basic, d\u1ec5 mix \u0111\u1ed3<\/li>\n<li data-start=\"938\" data-end=\"971\">Ph\u00f9 h\u1ee3p phong c\u00e1ch streetwear<\/li>\n<\/ul>\n","protected":false},"excerpt":{"rendered":"<ul>\n<li data-start=\"875\" data-end=\"907\">Thi\u1ebft k\u1ebf typography t\u1ed1i gi\u1ea3n<\/li>\n<li data-start=\"908\" data-end=\"937\">Ph\u1ed1i m\u00e0u basic, d\u1ec5 mix \u0111\u1ed3<\/li>\n<li data-start=\"938\" data-end=\"971\">Ph\u00f9 h\u1ee3p phong c\u00e1ch streetwear<\/li>\n<\/ul>\n","protected":false},"featured_media":235,"comment_status":"open","ping_status":"closed","template":"","meta":[],"product_brand":[],"product_cat":[42],"product_tag":[],"class_list":{"0":"post-571","1":"product","2":"type-product","3":"status-publish","4":"has-post-thumbnail","6":"product_cat-san-pham","8":"first","9":"instock","10":"shipping-taxable","11":"purchasable","12":"product-type-variable","13":"customify-col"},"jetpack_sharing_enabled":true,"_links":{"self":[{"href":"https:\/\/noface.mom\/index.php\/wp-json\/wp\/v2\/product\/571","targetHints":{"allow":["GET"]}}],"collection":[{"href":"https:\/\/noface.mom\/index.php\/wp-json\/wp\/v2\/product"}],"about":[{"href":"https:\/\/noface.mom\/index.php\/wp-json\/wp\/v2\/types\/product"}],"replies":[{"embeddable":true,"href":"https:\/\/noface.mom\/index.php\/wp-json\/wp\/v2\/comments?post=571"}],"wp:featuredmedia":[{"embeddable":true,"href":"https:\/\/noface.mom\/index.php\/wp-json\/wp\/v2\/media\/235"}],"wp:attachment":[{"href":"https:\/\/noface.mom\/index.php\/wp-json\/wp\/v2\/media?parent=571"}],"wp:term":[{"taxonomy":"product_brand","embeddable":true,"href":"https:\/\/noface.mom\/index.php\/wp-json\/wp\/v2\/product_brand?post=571"},{"taxonomy":"product_cat","embeddable":true,"href":"https:\/\/noface.mom\/index.php\/wp-json\/wp\/v2\/product_cat?post=571"},{"taxonomy":"product_tag","embeddable":true,"href":"https:\/\/noface.mom\/index.php\/wp-json\/wp\/v2\/product_tag?post=571"}],"curies":[{"name":"wp","href":"https:\/\/api.w.org\/{rel}","templated":true}]}}