{"id":459,"date":"2018-10-22T04:05:04","date_gmt":"2018-10-22T04:05:04","guid":{"rendered":"https:\/\/wordpress-276259-4332664.cloudwaysapps.com\/outfit\/?page_id=459"},"modified":"2026-04-07T00:07:33","modified_gmt":"2026-04-06T17:07:33","slug":"about","status":"publish","type":"page","link":"https:\/\/noface.mom\/index.php\/about\/","title":{"rendered":"About Us"},"content":{"rendered":"\t\t<div data-elementor-type=\"wp-page\" data-elementor-id=\"459\" class=\"elementor elementor-459\">\n\t\t\t\t\t\t<section class=\"elementor-section elementor-top-section elementor-element elementor-element-27a8726 elementor-section-boxed elementor-section-height-default elementor-section-height-default\" data-id=\"27a8726\" data-element_type=\"section\" data-e-type=\"section\" data-settings=\"{&quot;background_background&quot;:&quot;slideshow&quot;,&quot;background_slideshow_gallery&quot;:[],&quot;background_slideshow_loop&quot;:&quot;yes&quot;,&quot;background_slideshow_slide_duration&quot;:5000,&quot;background_slideshow_slide_transition&quot;:&quot;fade&quot;,&quot;background_slideshow_transition_duration&quot;:500}\">\n\t\t\t\t\t\t<div class=\"elementor-container elementor-column-gap-default\">\n\t\t\t\t\t<div class=\"elementor-column elementor-col-100 elementor-top-column elementor-element elementor-element-c4c39e4\" data-id=\"c4c39e4\" data-element_type=\"column\" data-e-type=\"column\">\n\t\t\t<div class=\"elementor-widget-wrap elementor-element-populated\">\n\t\t\t\t\t\t<div class=\"elementor-element elementor-element-b0d1728 elementor-widget elementor-widget-heading\" data-id=\"b0d1728\" data-element_type=\"widget\" data-e-type=\"widget\" data-widget_type=\"heading.default\">\n\t\t\t\t\t<h3 class=\"elementor-heading-title elementor-size-default\">ABOUT US \u2013 NOFACE<\/h3>\t\t\t\t<\/div>\n\t\t\t\t<div class=\"elementor-element elementor-element-2ccbe40 elementor-widget elementor-widget-heading\" data-id=\"2ccbe40\" data-element_type=\"widget\" data-e-type=\"widget\" data-widget_type=\"heading.default\">\n\t\t\t\t\t<h4 class=\"elementor-heading-title elementor-size-default\">Fashion Store<\/h4>\t\t\t\t<\/div>\n\t\t\t\t\t<\/div>\n\t\t<\/div>\n\t\t\t\t\t<\/div>\n\t\t<\/section>\n\t\t\t\t<div class=\"elementor-element elementor-element-dce74f2 e-con e-atomic-element e-flexbox-base\" data-id=\"dce74f2\" data-element_type=\"e-flexbox\" data-e-type=\"e-flexbox\" data-interaction-id=\"dce74f2\">\n\t\t\t\t\t\t\t<h2 \n\t\tdata-interaction-id=\"a0ad0cc\" \n\t\tclass=\"e-a0ad0cc-c480066 e-heading-base\" \n\t\t \n\t\t\n\t>\n\t\n\t\t\t<strong id=\"e-mnlvg3es-3b4mv8q\">&nbsp; &nbsp; &nbsp; &nbsp; &nbsp; NOFACE<\/strong> kh\u00f4ng ch\u1ec9 l\u00e0 m\u1ed9t th\u01b0\u01a1ng hi\u1ec7u th\u1eddi trang. \u0110\u00f3 l\u00e0 m\u1ed9t tuy\u00ean ng\u00f4n.Trong m\u1ed9t th\u1ebf gi\u1edbi n\u01a1i m\u1ecdi ng\u01b0\u1eddi b\u1ecb&nbsp;\u0111\u00e1nh gi\u00e1 qua v\u1ebb ngo\u00e0i,&nbsp;<strong id=\"e-mnlvg3es-vdajqcz\">NOFACE<\/strong> ch\u1ecdn c\u00e1ch xo\u00e1 b\u1ecf khu\u00f4n m\u1eb7t \u2013 \u0111\u1ec3 b\u1ea1n \u0111\u01b0\u1ee3c nh\u00ecn nh\u1eadn qua c\u00e1 t\u00ednh th\u1eadt s\u1ef1 b\u00ean trong. Ch\u00fang t\u00f4i t\u1ea1o ra nh\u1eefng thi\u1ebft k\u1ebf t\u1ed1i gi\u1ea3n nh\u01b0ng mang th\u00f4ng \u0111i\u1ec7p m\u1ea1nh m\u1ebd: t\u1eeb \u00e1o in QR code, ch\u1eef k\u00fd c\u00e1 nh\u00e2n cho \u0111\u1ebfn nh\u1eefng d\u00f2ng ch\u1eef \u1ea9n ch\u1ee9a \u00fd ngh\u0129a ri\u00eang. M\u1ed7i s\u1ea3n ph\u1ea9m kh\u00f4ng ch\u1ec9 l\u00e0 trang ph\u1ee5c, m\u00e0 l\u00e0 m\u1ed9t c\u00e1ch b\u1ea1n giao ti\u1ebfp v\u1edbi th\u1ebf gi\u1edbi.<br>&nbsp; &nbsp; &nbsp; &nbsp; &nbsp;&nbsp;<strong id=\"e-mnlvg3es-1hqde7c\">NOFACE d\u00e0nh cho:<\/strong> <br>&nbsp; &nbsp; - Nh\u1eefng ng\u01b0\u1eddi tr\u1ebb kh\u00f4ng mu\u1ed1n b\u1ecb \u0111\u00f3ng khung<br>&nbsp; &nbsp; - Nh\u1eefng c\u00e1 nh\u00e2n d\u00e1m th\u1ec3 hi\u1ec7n suy ngh\u0129 ri\u00eang<br>&nbsp; &nbsp; - Nh\u1eefng ai tin r\u1eb1ng \u201cch\u1ea5t\u201d kh\u00f4ng n\u1eb1m \u1edf khu\u00f4n m\u1eb7t, m\u00e0 \u1edf b\u1ea3n s\u1eafc<br>Ch\u00fang t\u00f4i tin r\u1eb1ng: B\u1ea1n kh\u00f4ng c\u1ea7n l\u1ed9 di\u1ec7n \u0111\u1ec3 n\u1ed5i b\u1eadt.<br>\"<strong id=\"e-mnlvg3es-rcoq20s\">NOFACE \u2013 No Face, Full Identity.\"<\/strong>\n\t\t<\/h2>\n\t\t\t\t<\/div>\n\t\t\t\t<div class=\"elementor-element elementor-element-2dd937d e-con e-atomic-element e-flexbox-base\" data-id=\"2dd937d\" data-element_type=\"e-flexbox\" data-e-type=\"e-flexbox\" data-interaction-id=\"2dd937d\">\n\t\t\t\t<\/div>\n\t\t\t\t<\/div>\n\t\t","protected":false},"excerpt":{"rendered":"<p>Clothes that mean business<\/p>\n","protected":false},"author":2,"featured_media":303,"parent":0,"menu_order":0,"comment_status":"closed","ping_status":"closed","template":"","meta":{"footnotes":""},"class_list":["post-459","page","type-page","status-publish","has-post-thumbnail","hentry"],"jetpack_sharing_enabled":true,"_links":{"self":[{"href":"https:\/\/noface.mom\/index.php\/wp-json\/wp\/v2\/pages\/459","targetHints":{"allow":["GET"]}}],"collection":[{"href":"https:\/\/noface.mom\/index.php\/wp-json\/wp\/v2\/pages"}],"about":[{"href":"https:\/\/noface.mom\/index.php\/wp-json\/wp\/v2\/types\/page"}],"author":[{"embeddable":true,"href":"https:\/\/noface.mom\/index.php\/wp-json\/wp\/v2\/users\/2"}],"replies":[{"embeddable":true,"href":"https:\/\/noface.mom\/index.php\/wp-json\/wp\/v2\/comments?post=459"}],"version-history":[{"count":12,"href":"https:\/\/noface.mom\/index.php\/wp-json\/wp\/v2\/pages\/459\/revisions"}],"predecessor-version":[{"id":652,"href":"https:\/\/noface.mom\/index.php\/wp-json\/wp\/v2\/pages\/459\/revisions\/652"}],"wp:featuredmedia":[{"embeddable":true,"href":"https:\/\/noface.mom\/index.php\/wp-json\/"}],"wp:attachment":[{"href":"https:\/\/noface.mom\/index.php\/wp-json\/wp\/v2\/media?parent=459"}],"curies":[{"name":"wp","href":"https:\/\/api.w.org\/{rel}","templated":true}]}}