{"id":416,"date":"2018-09-27T05:01:10","date_gmt":"2018-09-27T05:01:10","guid":{"rendered":"https:\/\/wordpress-276259-4332664.cloudwaysapps.com\/outfit\/?page_id=416"},"modified":"2026-04-07T00:38:56","modified_gmt":"2026-04-06T17:38:56","slug":"home","status":"publish","type":"page","link":"https:\/\/noface.mom\/","title":{"rendered":"Home"},"content":{"rendered":"\t\t<div data-elementor-type=\"wp-post\" data-elementor-id=\"416\" class=\"elementor elementor-416\">\n\t\t\t\t\t\t<section class=\"elementor-section elementor-top-section elementor-element elementor-element-f3d9955 elementor-section-boxed elementor-section-height-default elementor-section-height-default\" data-id=\"f3d9955\" data-element_type=\"section\" data-e-type=\"section\" data-settings=\"{&quot;background_background&quot;:&quot;classic&quot;}\">\n\t\t\t\t\t\t\t<div class=\"elementor-background-overlay\"><\/div>\n\t\t\t\t\t\t\t<div class=\"elementor-container elementor-column-gap-default\">\n\t\t\t\t\t<div class=\"elementor-column elementor-col-100 elementor-top-column elementor-element elementor-element-5b96851\" data-id=\"5b96851\" data-element_type=\"column\" data-e-type=\"column\">\n\t\t\t<div class=\"elementor-widget-wrap elementor-element-populated\">\n\t\t\t\t\t\t<div class=\"elementor-element elementor-element-27bfec0 elementor-widget elementor-widget-heading\" data-id=\"27bfec0\" data-element_type=\"widget\" data-e-type=\"widget\" data-widget_type=\"heading.default\">\n\t\t\t\t\t<h2 class=\"elementor-heading-title elementor-size-default\">New Style<\/h2>\t\t\t\t<\/div>\n\t\t\t\t<div class=\"elementor-element elementor-element-f0566f0 elementor-align-center elementor-tablet-align-center elementor-mobile-align-center elementor-widget elementor-widget-button\" data-id=\"f0566f0\" data-element_type=\"widget\" data-e-type=\"widget\" data-widget_type=\"button.default\">\n\t\t\t\t\t\t\t\t\t\t<a class=\"elementor-button elementor-button-link elementor-size-sm\" href=\"#\">\n\t\t\t\t\t\t<span class=\"elementor-button-content-wrapper\">\n\t\t\t\t\t\t\t\t\t<span class=\"elementor-button-text\">Shop Now<\/span>\n\t\t\t\t\t<\/span>\n\t\t\t\t\t<\/a>\n\t\t\t\t\t\t\t\t<\/div>\n\t\t\t\t\t<\/div>\n\t\t<\/div>\n\t\t\t\t\t<\/div>\n\t\t<\/section>\n\t\t\t\t<section class=\"elementor-section elementor-top-section elementor-element elementor-element-896a0eb elementor-section-boxed elementor-section-height-default elementor-section-height-default\" data-id=\"896a0eb\" data-element_type=\"section\" data-e-type=\"section\" data-settings=\"{&quot;background_background&quot;:&quot;classic&quot;}\">\n\t\t\t\t\t\t<div class=\"elementor-container elementor-column-gap-default\">\n\t\t\t\t\t<div class=\"elementor-column elementor-col-100 elementor-top-column elementor-element elementor-element-ca0b119\" data-id=\"ca0b119\" data-element_type=\"column\" data-e-type=\"column\">\n\t\t\t<div class=\"elementor-widget-wrap elementor-element-populated\">\n\t\t\t\t\t\t<div class=\"elementor-element elementor-element-e94de91 elementor-widget elementor-widget-heading\" data-id=\"e94de91\" data-element_type=\"widget\" data-e-type=\"widget\" data-widget_type=\"heading.default\">\n\t\t\t\t\t<h3 class=\"elementor-heading-title elementor-size-default\">T\u1ea0I SAO N\u00caN CH\u1eccN NOFACE?<\/h3>\t\t\t\t<\/div>\n\t\t\t\t<section class=\"elementor-section elementor-inner-section elementor-element elementor-element-0384fe5 elementor-section-boxed elementor-section-height-default elementor-section-height-default\" data-id=\"0384fe5\" data-element_type=\"section\" data-e-type=\"section\">\n\t\t\t\t\t\t<div class=\"elementor-container elementor-column-gap-default\">\n\t\t\t\t\t<div class=\"elementor-column elementor-col-50 elementor-inner-column elementor-element elementor-element-1ea42cb\" data-id=\"1ea42cb\" data-element_type=\"column\" data-e-type=\"column\">\n\t\t\t<div class=\"elementor-widget-wrap elementor-element-populated\">\n\t\t\t\t\t\t<div class=\"elementor-element elementor-element-f229409 elementor-widget elementor-widget-text-editor\" data-id=\"f229409\" data-element_type=\"widget\" data-e-type=\"widget\" data-widget_type=\"text-editor.default\">\n\t\t\t\t\t\t\t\t\t<p>\u00a0<strong data-start=\"856\" data-end=\"886\">Tr\u1ea3i nghi\u1ec7m c\u00e1 nh\u00e2n ho\u00e1<\/strong><br data-start=\"886\" data-end=\"889\" \/>B\u1ea1n kh\u00f4ng ch\u1ec9 mua \u00e1o \u2013 b\u1ea1n \u0111ang ch\u1ecdn c\u00e1ch th\u1ec3 hi\u1ec7n b\u1ea3n th\u00e2n.<br data-start=\"949\" data-end=\"952\" \/>M\u1ed7i s\u1ea3n ph\u1ea9m l\u00e0 m\u1ed9t \u201csignature\u201d ri\u00eang<\/p>\t\t\t\t\t\t\t\t<\/div>\n\t\t\t\t<div class=\"elementor-element elementor-element-fefe669 elementor-widget elementor-widget-text-editor\" data-id=\"fefe669\" data-element_type=\"widget\" data-e-type=\"widget\" data-widget_type=\"text-editor.default\">\n\t\t\t\t\t\t\t\t\t<p><strong data-start=\"300\" data-end=\"331\">Th\u1eddi trang c\u00f3 th\u00f4ng \u0111i\u1ec7p<\/strong><br data-start=\"331\" data-end=\"334\" \/>M\u1ed7i thi\u1ebft k\u1ebf kh\u00f4ng ch\u1ec9 \u0111\u1ec3 m\u1eb7c \u2013 m\u00e0 \u0111\u1ec3 n\u00f3i.<br data-start=\"376\" data-end=\"379\" \/>T\u1eeb QR code, typography \u0111\u1ebfn th\u00f4ng \u0111i\u1ec7p \u1ea9n, b\u1ea1n \u0111ang m\u1eb7c l\u00ean ng\u01b0\u1eddi suy ngh\u0129 c\u1ee7a ch\u00ednh m\u00ecnh.<\/p>\t\t\t\t\t\t\t\t<\/div>\n\t\t\t\t\t<\/div>\n\t\t<\/div>\n\t\t\t\t<div class=\"elementor-column elementor-col-50 elementor-inner-column elementor-element elementor-element-8d7b249\" data-id=\"8d7b249\" data-element_type=\"column\" data-e-type=\"column\">\n\t\t\t<div class=\"elementor-widget-wrap elementor-element-populated\">\n\t\t\t\t\t\t<div class=\"elementor-element elementor-element-0707d91 elementor-widget elementor-widget-text-editor\" data-id=\"0707d91\" data-element_type=\"widget\" data-e-type=\"widget\" data-widget_type=\"text-editor.default\">\n\t\t\t\t\t\t\t\t\t<p><strong data-start=\"475\" data-end=\"504\">B\u1ea3n s\u1eafc h\u01a1n ngo\u1ea1i h\u00ecnh<\/strong><br data-start=\"504\" data-end=\"507\" \/>NOFACE lo\u1ea1i b\u1ecf s\u1ef1 \u0111\u00e1nh gi\u00e1 qua v\u1ebb ngo\u00e0i.<br data-start=\"547\" data-end=\"550\" \/>B\u1ea1n kh\u00f4ng c\u1ea7n \u201c\u0111\u1eb9p theo chu\u1ea9n\u201d \u2013 b\u1ea1n ch\u1ec9 c\u1ea7n l\u00e0 ch\u00ednh b\u1ea1n.<\/p>\t\t\t\t\t\t\t\t<\/div>\n\t\t\t\t<div class=\"elementor-element elementor-element-a6f0fa7 elementor-widget elementor-widget-text-editor\" data-id=\"a6f0fa7\" data-element_type=\"widget\" data-e-type=\"widget\" data-widget_type=\"text-editor.default\">\n\t\t\t\t\t\t\t\t\t<p><strong data-start=\"258\" data-end=\"298\">Concept \u0111\u1ed9c quy\u1ec1n \u2013 kh\u00f4ng \u0111\u1ea1i tr\u00e0<\/strong><br data-start=\"298\" data-end=\"301\" \/>T\u1eeb QR code \u0111\u1ebfn th\u00f4ng \u0111i\u1ec7p \u1ea9n, m\u1ed7i thi\u1ebft k\u1ebf \u0111\u1ec1u c\u00f3 \u201cch\u1ea5t ri\u00eang\u201d.<br data-start=\"364\" data-end=\"367\" \/>Kh\u00f4ng ph\u1ea3i ki\u1ec3u m\u1eb7c \u0111\u00e2u c\u0169ng th\u1ea5y.<\/p>\t\t\t\t\t\t\t\t<\/div>\n\t\t\t\t\t<\/div>\n\t\t<\/div>\n\t\t\t\t\t<\/div>\n\t\t<\/section>\n\t\t\t\t\t<\/div>\n\t\t<\/div>\n\t\t\t\t\t<\/div>\n\t\t<\/section>\n\t\t<div class=\"elementor-element elementor-element-cbf572f e-flex e-con-boxed e-con e-parent\" data-id=\"cbf572f\" data-element_type=\"container\" data-e-type=\"container\">\n\t\t\t\t\t<div class=\"e-con-inner\">\n\t\t\t\t\t\t\t\n\t\t<img class=\"e-image-base e-3d916b7-8ca25f2\" \n\t\t\t\t\tdata-interaction-id=\"3d916b7\" \n\t\t \n\t\t \n\t\t\t\t\t\t\t\t\tid=\"656\"\n\t\t\t\t\t\t\t\t\t\t\t\tsrc=\"https:\/\/noface.mom\/wp-content\/uploads\/2026\/04\/quang-cao-p.png\"\n\t\t\t\t\t\t\t\t\t\t\t\twidth=\"1024\"\n\t\t\t\t\t\t\t\t\t\t\t\theight=\"616\"\n\t\t\t\t\t\t\t\t\t\t\t\tsrcset=\"https:\/\/noface.mom\/wp-content\/uploads\/2026\/04\/quang-cao-p.png 1024w, https:\/\/noface.mom\/wp-content\/uploads\/2026\/04\/quang-cao-p-300x180.png 300w, https:\/\/noface.mom\/wp-content\/uploads\/2026\/04\/quang-cao-p-768x462.png 768w, https:\/\/noface.mom\/wp-content\/uploads\/2026\/04\/quang-cao-p-600x361.png 600w\"\n\t\t\t\t\t\t\t\t\t\t\t\talt=\"\"\n\t\t\t\t\t\t\/>\n\t\t\t\t\t\t<\/div>\n\t\t\t\t<\/div>\n\t\t<div class=\"elementor-element elementor-element-a9ee4ed e-flex e-con-boxed e-con e-parent\" data-id=\"a9ee4ed\" data-element_type=\"container\" data-e-type=\"container\">\n\t\t\t\t\t<div class=\"e-con-inner\">\n\t\t\t\t<div class=\"elementor-element elementor-element-9cb371d elementor-widget elementor-widget-google_maps\" data-id=\"9cb371d\" data-element_type=\"widget\" data-e-type=\"widget\" data-widget_type=\"google_maps.default\">\n\t\t\t\t\t\t\t<div class=\"elementor-custom-embed\">\n\t\t\t<iframe loading=\"lazy\"\n\t\t\t\t\tsrc=\"https:\/\/maps.google.com\/maps?q=NOFACE&#038;t=m&#038;z=10&#038;output=embed&#038;iwloc=near\"\n\t\t\t\t\ttitle=\"NOFACE\"\n\t\t\t\t\taria-label=\"NOFACE\"\n\t\t\t><\/iframe>\n\t\t<\/div>\n\t\t\t\t\t\t<\/div>\n\t\t\t\t\t<\/div>\n\t\t\t\t<\/div>\n\t\t\t\t<\/div>\n\t\t","protected":false},"excerpt":{"rendered":"<p>New Style Shop Now T\u1ea0I SAO N\u00caN CH\u1eccN NOFACE? \u00a0Tr\u1ea3i nghi\u1ec7m c\u00e1 nh\u00e2n ho\u00e1B\u1ea1n kh\u00f4ng ch\u1ec9 mua \u00e1o \u2013 b\u1ea1n \u0111ang ch\u1ecdn c\u00e1ch th\u1ec3 hi\u1ec7n&hellip;<\/p>\n","protected":false},"author":2,"featured_media":0,"parent":0,"menu_order":0,"comment_status":"closed","ping_status":"closed","template":"","meta":{"footnotes":""},"class_list":["post-416","page","type-page","status-publish","hentry"],"jetpack_sharing_enabled":true,"_links":{"self":[{"href":"https:\/\/noface.mom\/index.php\/wp-json\/wp\/v2\/pages\/416","targetHints":{"allow":["GET"]}}],"collection":[{"href":"https:\/\/noface.mom\/index.php\/wp-json\/wp\/v2\/pages"}],"about":[{"href":"https:\/\/noface.mom\/index.php\/wp-json\/wp\/v2\/types\/page"}],"author":[{"embeddable":true,"href":"https:\/\/noface.mom\/index.php\/wp-json\/wp\/v2\/users\/2"}],"replies":[{"embeddable":true,"href":"https:\/\/noface.mom\/index.php\/wp-json\/wp\/v2\/comments?post=416"}],"version-history":[{"count":39,"href":"https:\/\/noface.mom\/index.php\/wp-json\/wp\/v2\/pages\/416\/revisions"}],"predecessor-version":[{"id":668,"href":"https:\/\/noface.mom\/index.php\/wp-json\/wp\/v2\/pages\/416\/revisions\/668"}],"wp:attachment":[{"href":"https:\/\/noface.mom\/index.php\/wp-json\/wp\/v2\/media?parent=416"}],"curies":[{"name":"wp","href":"https:\/\/api.w.org\/{rel}","templated":true}]}}